{"id":7,"date":"2019-08-20T16:49:25","date_gmt":"2019-08-20T21:49:25","guid":{"rendered":"https:\/\/dyc.com.ec\/?page_id=7"},"modified":"2023-11-27T22:13:12","modified_gmt":"2023-11-28T03:13:12","slug":"productos","status":"publish","type":"page","link":"https:\/\/dyc.com.ec\/en\/productos\/","title":{"rendered":"PRODUCTS"},"content":{"rendered":"<div data-elementor-type=\"wp-post\" data-elementor-id=\"7\" class=\"elementor elementor-7\" data-elementor-settings=\"[]\">\n\t\t\t<div class=\"elementor-inner\">\n\t\t\t\t<div class=\"elementor-section-wrap\">\n\t\t\t\t\t\t\t<section class=\"elementor-element elementor-element-1853e61 elementor-section-boxed elementor-section-height-default elementor-section-height-default elementor-section elementor-top-section\" data-id=\"1853e61\" data-element_type=\"section\">\n\t\t\t\t\t\t<div class=\"elementor-container elementor-column-gap-default\">\n\t\t\t\t<div class=\"elementor-row\">\n\t\t\t\t<div class=\"elementor-element elementor-element-dd484e0 elementor-column elementor-col-33 elementor-top-column\" data-id=\"dd484e0\" data-element_type=\"column\">\n\t\t\t<div class=\"elementor-column-wrap  elementor-element-populated\">\n\t\t\t\t\t<div class=\"elementor-widget-wrap\">\n\t\t\t\t<div class=\"elementor-element elementor-element-baaacb7 elementor-widget elementor-widget-heading\" data-id=\"baaacb7\" data-element_type=\"widget\" data-widget_type=\"heading.default\">\n\t\t\t\t<div class=\"elementor-widget-container\">\n\t\t\t<h2 class=\"elementor-heading-title elementor-size-default\">Pitahayas\/ Esp\u00e1rragos<\/h2>\t\t<\/div>\n\t\t\t\t<\/div>\n\t\t\t\t<div class=\"elementor-element elementor-element-2f2100b elementor-hidden-desktop elementor-hidden-tablet elementor-arrows-position-inside elementor-pagination-position-outside elementor-widget elementor-widget-image-carousel\" data-id=\"2f2100b\" data-element_type=\"widget\" data-settings=\"{&quot;navigation&quot;:&quot;both&quot;,&quot;autoplay&quot;:&quot;yes&quot;,&quot;pause_on_hover&quot;:&quot;yes&quot;,&quot;pause_on_interaction&quot;:&quot;yes&quot;,&quot;autoplay_speed&quot;:5000,&quot;infinite&quot;:&quot;yes&quot;,&quot;speed&quot;:500,&quot;direction&quot;:&quot;ltr&quot;}\" data-widget_type=\"image-carousel.default\">\n\t\t\t\t<div class=\"elementor-widget-container\">\n\t\t\t\t\t<div class=\"elementor-image-carousel-wrapper swiper-container\" dir=\"ltr\">\n\t\t\t<div class=\"elementor-image-carousel swiper-wrapper\">\n\t\t\t\t<div class=\"swiper-slide\"><figure class=\"swiper-slide-inner\"><img class=\"swiper-slide-image\" src=\"https:\/\/dyc.com.ec\/wp-content\/uploads\/2023\/11\/PITAHAYA-AMARILLA.png\" alt=\"Pitahaya Amarilla\" \/><\/figure><\/div><div class=\"swiper-slide\"><figure class=\"swiper-slide-inner\"><img class=\"swiper-slide-image\" src=\"https:\/\/dyc.com.ec\/wp-content\/uploads\/2023\/11\/PITAHAYA-ROJA.png\" alt=\"Pitahaya Roja\" \/><\/figure><\/div><div class=\"swiper-slide\"><figure class=\"swiper-slide-inner\"><img class=\"swiper-slide-image\" src=\"https:\/\/dyc.com.ec\/wp-content\/uploads\/2023\/11\/ESPARRAGO.png\" alt=\"Esp\u00e1rrago\" \/><\/figure><\/div>\t\t\t<\/div>\n\t\t\t\t\t\t\t\t\t\t\t\t<div class=\"swiper-pagination\"><\/div>\n\t\t\t\t\t\t\t\t\t\t\t\t\t<div class=\"elementor-swiper-button elementor-swiper-button-prev\">\n\t\t\t\t\t\t<i class=\"eicon-chevron-left\" aria-hidden=\"true\"><\/i>\n\t\t\t\t\t\t<span class=\"elementor-screen-only\">Previous<\/span>\n\t\t\t\t\t<\/div>\n\t\t\t\t\t<div class=\"elementor-swiper-button elementor-swiper-button-next\">\n\t\t\t\t\t\t<i class=\"eicon-chevron-right\" aria-hidden=\"true\"><\/i>\n\t\t\t\t\t\t<span class=\"elementor-screen-only\">Next<\/span>\n\t\t\t\t\t<\/div>\n\t\t\t\t\t\t\t\t\t<\/div>\n\t\t\t\t<\/div>\n\t\t\t\t<\/div>\n\t\t\t\t<div class=\"elementor-element elementor-element-3238856 elementor-hidden-phone elementor-widget elementor-widget-image\" data-id=\"3238856\" data-element_type=\"widget\" data-widget_type=\"image.default\">\n\t\t\t\t<div class=\"elementor-widget-container\">\n\t\t\t\t\t<div class=\"elementor-image\">\n\t\t\t\t\t\t\t\t\t\t<img width=\"217\" height=\"291\" src=\"https:\/\/dyc.com.ec\/wp-content\/uploads\/2023\/11\/PITAHAYA-ROJA.png\" class=\"elementor-animation-grow attachment-large size-large\" alt=\"\" loading=\"lazy\" srcset=\"https:\/\/dyc.com.ec\/wp-content\/uploads\/2023\/11\/PITAHAYA-ROJA.png 217w, https:\/\/dyc.com.ec\/wp-content\/uploads\/2023\/11\/PITAHAYA-ROJA-9x12.png 9w, https:\/\/dyc.com.ec\/wp-content\/uploads\/2023\/11\/PITAHAYA-ROJA-119x160.png 119w\" sizes=\"(max-width: 217px) 100vw, 217px\" \/>\t\t\t\t\t\t\t\t\t\t\t<\/div>\n\t\t\t\t<\/div>\n\t\t\t\t<\/div>\n\t\t\t\t\t\t<\/div>\n\t\t\t<\/div>\n\t\t<\/div>\n\t\t\t\t<div class=\"elementor-element elementor-element-dea82c3 elementor-column elementor-col-33 elementor-top-column\" data-id=\"dea82c3\" data-element_type=\"column\">\n\t\t\t<div class=\"elementor-column-wrap  elementor-element-populated\">\n\t\t\t\t\t<div class=\"elementor-widget-wrap\">\n\t\t\t\t<div class=\"elementor-element elementor-element-33686fe elementor-hidden-phone elementor-widget elementor-widget-image\" data-id=\"33686fe\" data-element_type=\"widget\" data-widget_type=\"image.default\">\n\t\t\t\t<div class=\"elementor-widget-container\">\n\t\t\t\t\t<div class=\"elementor-image\">\n\t\t\t\t\t\t\t\t\t\t<img width=\"217\" height=\"291\" src=\"https:\/\/dyc.com.ec\/wp-content\/uploads\/2023\/11\/PITAHAYA-AMARILLA.png\" class=\"elementor-animation-grow attachment-large size-large\" alt=\"\" loading=\"lazy\" srcset=\"https:\/\/dyc.com.ec\/wp-content\/uploads\/2023\/11\/PITAHAYA-AMARILLA.png 217w, https:\/\/dyc.com.ec\/wp-content\/uploads\/2023\/11\/PITAHAYA-AMARILLA-9x12.png 9w, https:\/\/dyc.com.ec\/wp-content\/uploads\/2023\/11\/PITAHAYA-AMARILLA-119x160.png 119w\" sizes=\"(max-width: 217px) 100vw, 217px\" \/>\t\t\t\t\t\t\t\t\t\t\t<\/div>\n\t\t\t\t<\/div>\n\t\t\t\t<\/div>\n\t\t\t\t<div class=\"elementor-element elementor-element-67883af elementor-widget elementor-widget-text-editor\" data-id=\"67883af\" data-element_type=\"widget\" data-widget_type=\"text-editor.default\">\n\t\t\t\t<div class=\"elementor-widget-container\">\n\t\t\t\t\t<div class=\"elementor-text-editor elementor-clearfix\"><p>Nuestra pasi\u00f3n se refleja en cada pitahaya roja y amarilla que cultivamos, as\u00ed como en cada esp\u00e1rrago que seleccionamos con esmero.\u00a0<\/p><\/div>\n\t\t\t\t<\/div>\n\t\t\t\t<\/div>\n\t\t\t\t\t\t<\/div>\n\t\t\t<\/div>\n\t\t<\/div>\n\t\t\t\t<div class=\"elementor-element elementor-element-5b7986b elementor-column elementor-col-33 elementor-top-column\" data-id=\"5b7986b\" data-element_type=\"column\">\n\t\t\t<div class=\"elementor-column-wrap  elementor-element-populated\">\n\t\t\t\t\t<div class=\"elementor-widget-wrap\">\n\t\t\t\t<div class=\"elementor-element elementor-element-799ad3a elementor-widget elementor-widget-spacer\" data-id=\"799ad3a\" data-element_type=\"widget\" data-widget_type=\"spacer.default\">\n\t\t\t\t<div class=\"elementor-widget-container\">\n\t\t\t\t\t<div class=\"elementor-spacer\">\n\t\t\t<div class=\"elementor-spacer-inner\"><\/div>\n\t\t<\/div>\n\t\t\t\t<\/div>\n\t\t\t\t<\/div>\n\t\t\t\t<div class=\"elementor-element elementor-element-7628be8 elementor-hidden-phone elementor-widget elementor-widget-image\" data-id=\"7628be8\" data-element_type=\"widget\" data-widget_type=\"image.default\">\n\t\t\t\t<div class=\"elementor-widget-container\">\n\t\t\t\t\t<div class=\"elementor-image\">\n\t\t\t\t\t\t\t\t\t\t<img width=\"217\" height=\"291\" src=\"https:\/\/dyc.com.ec\/wp-content\/uploads\/2023\/11\/ESPARRAGO.png\" class=\"elementor-animation-grow attachment-large size-large\" alt=\"\" loading=\"lazy\" srcset=\"https:\/\/dyc.com.ec\/wp-content\/uploads\/2023\/11\/ESPARRAGO.png 217w, https:\/\/dyc.com.ec\/wp-content\/uploads\/2023\/11\/ESPARRAGO-9x12.png 9w, https:\/\/dyc.com.ec\/wp-content\/uploads\/2023\/11\/ESPARRAGO-119x160.png 119w\" sizes=\"(max-width: 217px) 100vw, 217px\" \/>\t\t\t\t\t\t\t\t\t\t\t<\/div>\n\t\t\t\t<\/div>\n\t\t\t\t<\/div>\n\t\t\t\t\t\t<\/div>\n\t\t\t<\/div>\n\t\t<\/div>\n\t\t\t\t\t\t<\/div>\n\t\t\t<\/div>\n\t\t<\/section>\n\t\t\t\t<section class=\"elementor-element elementor-element-834e412 elementor-section-boxed elementor-section-height-default elementor-section-height-default elementor-section elementor-top-section\" data-id=\"834e412\" data-element_type=\"section\">\n\t\t\t\t\t\t<div class=\"elementor-container elementor-column-gap-default\">\n\t\t\t\t<div class=\"elementor-row\">\n\t\t\t\t<div class=\"elementor-element elementor-element-2d974a3 elementor-column elementor-col-100 elementor-top-column\" data-id=\"2d974a3\" data-element_type=\"column\">\n\t\t\t<div class=\"elementor-column-wrap  elementor-element-populated\">\n\t\t\t\t\t<div class=\"elementor-widget-wrap\">\n\t\t\t\t<div class=\"elementor-element elementor-element-62d8779 elementor-widget elementor-widget-heading\" data-id=\"62d8779\" data-element_type=\"widget\" data-widget_type=\"heading.default\">\n\t\t\t\t<div class=\"elementor-widget-container\">\n\t\t\t<h2 class=\"elementor-heading-title elementor-size-default\">M\u00e1s productos<\/h2>\t\t<\/div>\n\t\t\t\t<\/div>\n\t\t\t\t\t\t<\/div>\n\t\t\t<\/div>\n\t\t<\/div>\n\t\t\t\t\t\t<\/div>\n\t\t\t<\/div>\n\t\t<\/section>\n\t\t\t\t<section class=\"elementor-element elementor-element-ee606f2 elementor-section-boxed elementor-section-height-default elementor-section-height-default elementor-section elementor-top-section\" data-id=\"ee606f2\" data-element_type=\"section\">\n\t\t\t\t\t\t<div class=\"elementor-container elementor-column-gap-default\">\n\t\t\t\t<div class=\"elementor-row\">\n\t\t\t\t<div class=\"elementor-element elementor-element-7bcfaa9 elementor-column elementor-col-25 elementor-top-column\" data-id=\"7bcfaa9\" data-element_type=\"column\">\n\t\t\t<div class=\"elementor-column-wrap  elementor-element-populated\">\n\t\t\t\t\t<div class=\"elementor-widget-wrap\">\n\t\t\t\t<div class=\"elementor-element elementor-element-2744b1f elementor-widget elementor-widget-image\" data-id=\"2744b1f\" data-element_type=\"widget\" data-widget_type=\"image.default\">\n\t\t\t\t<div class=\"elementor-widget-container\">\n\t\t\t\t\t<div class=\"elementor-image\">\n\t\t\t\t\t\t\t\t\t\t<img width=\"418\" height=\"335\" src=\"https:\/\/dyc.com.ec\/wp-content\/uploads\/2023\/11\/aguacate_pr.png\" class=\"elementor-animation-grow attachment-large size-large\" alt=\"\" loading=\"lazy\" srcset=\"https:\/\/dyc.com.ec\/wp-content\/uploads\/2023\/11\/aguacate_pr.png 418w, https:\/\/dyc.com.ec\/wp-content\/uploads\/2023\/11\/aguacate_pr-300x240.png 300w, https:\/\/dyc.com.ec\/wp-content\/uploads\/2023\/11\/aguacate_pr-16x12.png 16w, https:\/\/dyc.com.ec\/wp-content\/uploads\/2023\/11\/aguacate_pr-200x160.png 200w\" sizes=\"(max-width: 418px) 100vw, 418px\" \/>\t\t\t\t\t\t\t\t\t\t\t<\/div>\n\t\t\t\t<\/div>\n\t\t\t\t<\/div>\n\t\t\t\t\t\t<\/div>\n\t\t\t<\/div>\n\t\t<\/div>\n\t\t\t\t<div class=\"elementor-element elementor-element-3e2e6d5 elementor-column elementor-col-25 elementor-top-column\" data-id=\"3e2e6d5\" data-element_type=\"column\">\n\t\t\t<div class=\"elementor-column-wrap  elementor-element-populated\">\n\t\t\t\t\t<div class=\"elementor-widget-wrap\">\n\t\t\t\t<div class=\"elementor-element elementor-element-1ecd3d5 elementor-widget elementor-widget-image\" data-id=\"1ecd3d5\" data-element_type=\"widget\" data-widget_type=\"image.default\">\n\t\t\t\t<div class=\"elementor-widget-container\">\n\t\t\t\t\t<div class=\"elementor-image\">\n\t\t\t\t\t\t\t\t\t\t<img width=\"1024\" height=\"1024\" src=\"https:\/\/dyc.com.ec\/wp-content\/uploads\/2023\/11\/grandilla-1024x1024.jpg\" class=\"elementor-animation-grow attachment-large size-large\" alt=\"\" loading=\"lazy\" srcset=\"https:\/\/dyc.com.ec\/wp-content\/uploads\/2023\/11\/grandilla-1024x1024.jpg 1024w, https:\/\/dyc.com.ec\/wp-content\/uploads\/2023\/11\/grandilla-300x300.jpg 300w, https:\/\/dyc.com.ec\/wp-content\/uploads\/2023\/11\/grandilla-150x150.jpg 150w, https:\/\/dyc.com.ec\/wp-content\/uploads\/2023\/11\/grandilla-768x768.jpg 768w, https:\/\/dyc.com.ec\/wp-content\/uploads\/2023\/11\/grandilla-12x12.jpg 12w, https:\/\/dyc.com.ec\/wp-content\/uploads\/2023\/11\/grandilla-500x500.jpg 500w, https:\/\/dyc.com.ec\/wp-content\/uploads\/2023\/11\/grandilla-800x800.jpg 800w, https:\/\/dyc.com.ec\/wp-content\/uploads\/2023\/11\/grandilla-600x600.jpg 600w, https:\/\/dyc.com.ec\/wp-content\/uploads\/2023\/11\/grandilla-160x160.jpg 160w, https:\/\/dyc.com.ec\/wp-content\/uploads\/2023\/11\/grandilla.jpg 1080w\" sizes=\"(max-width: 1024px) 100vw, 1024px\" \/>\t\t\t\t\t\t\t\t\t\t\t<\/div>\n\t\t\t\t<\/div>\n\t\t\t\t<\/div>\n\t\t\t\t\t\t<\/div>\n\t\t\t<\/div>\n\t\t<\/div>\n\t\t\t\t<div class=\"elementor-element elementor-element-7e20fc7 elementor-column elementor-col-25 elementor-top-column\" data-id=\"7e20fc7\" data-element_type=\"column\">\n\t\t\t<div class=\"elementor-column-wrap  elementor-element-populated\">\n\t\t\t\t\t<div class=\"elementor-widget-wrap\">\n\t\t\t\t<div class=\"elementor-element elementor-element-26598e8 elementor-widget elementor-widget-image\" data-id=\"26598e8\" data-element_type=\"widget\" data-widget_type=\"image.default\">\n\t\t\t\t<div class=\"elementor-widget-container\">\n\t\t\t\t\t<div class=\"elementor-image\">\n\t\t\t\t\t\t\t\t\t\t<img width=\"425\" height=\"425\" src=\"https:\/\/dyc.com.ec\/wp-content\/uploads\/2023\/11\/tomate-de-arbol.png\" class=\"elementor-animation-grow attachment-large size-large\" alt=\"\" loading=\"lazy\" srcset=\"https:\/\/dyc.com.ec\/wp-content\/uploads\/2023\/11\/tomate-de-arbol.png 425w, https:\/\/dyc.com.ec\/wp-content\/uploads\/2023\/11\/tomate-de-arbol-300x300.png 300w, https:\/\/dyc.com.ec\/wp-content\/uploads\/2023\/11\/tomate-de-arbol-150x150.png 150w, https:\/\/dyc.com.ec\/wp-content\/uploads\/2023\/11\/tomate-de-arbol-12x12.png 12w, https:\/\/dyc.com.ec\/wp-content\/uploads\/2023\/11\/tomate-de-arbol-160x160.png 160w\" sizes=\"(max-width: 425px) 100vw, 425px\" \/>\t\t\t\t\t\t\t\t\t\t\t<\/div>\n\t\t\t\t<\/div>\n\t\t\t\t<\/div>\n\t\t\t\t\t\t<\/div>\n\t\t\t<\/div>\n\t\t<\/div>\n\t\t\t\t<div class=\"elementor-element elementor-element-a1d29bc elementor-column elementor-col-25 elementor-top-column\" data-id=\"a1d29bc\" data-element_type=\"column\">\n\t\t\t<div class=\"elementor-column-wrap  elementor-element-populated\">\n\t\t\t\t\t<div class=\"elementor-widget-wrap\">\n\t\t\t\t<div class=\"elementor-element elementor-element-59f18ac elementor-widget elementor-widget-image\" data-id=\"59f18ac\" data-element_type=\"widget\" data-widget_type=\"image.default\">\n\t\t\t\t<div class=\"elementor-widget-container\">\n\t\t\t\t\t<div class=\"elementor-image\">\n\t\t\t\t\t\t\t\t\t\t<img width=\"577\" height=\"433\" src=\"https:\/\/dyc.com.ec\/wp-content\/uploads\/2023\/11\/Propiedades-del-Pepino-dulce-removebg-preview.png\" class=\"elementor-animation-grow attachment-large size-large\" alt=\"\" loading=\"lazy\" srcset=\"https:\/\/dyc.com.ec\/wp-content\/uploads\/2023\/11\/Propiedades-del-Pepino-dulce-removebg-preview.png 577w, https:\/\/dyc.com.ec\/wp-content\/uploads\/2023\/11\/Propiedades-del-Pepino-dulce-removebg-preview-300x225.png 300w, https:\/\/dyc.com.ec\/wp-content\/uploads\/2023\/11\/Propiedades-del-Pepino-dulce-removebg-preview-16x12.png 16w, https:\/\/dyc.com.ec\/wp-content\/uploads\/2023\/11\/Propiedades-del-Pepino-dulce-removebg-preview-500x375.png 500w, https:\/\/dyc.com.ec\/wp-content\/uploads\/2023\/11\/Propiedades-del-Pepino-dulce-removebg-preview-213x160.png 213w\" sizes=\"(max-width: 577px) 100vw, 577px\" \/>\t\t\t\t\t\t\t\t\t\t\t<\/div>\n\t\t\t\t<\/div>\n\t\t\t\t<\/div>\n\t\t\t\t\t\t<\/div>\n\t\t\t<\/div>\n\t\t<\/div>\n\t\t\t\t\t\t<\/div>\n\t\t\t<\/div>\n\t\t<\/section>\n\t\t\t\t\t\t<\/div>\n\t\t\t<\/div>\n\t\t<\/div>","protected":false},"excerpt":{"rendered":"<p>Pitahayas\/ Esp\u00e1rragos Anterior Siguiente Nuestra pasi\u00f3n se refleja en cada pitahaya roja y amarilla que cultivamos, as\u00ed como en cada esp\u00e1rrago que seleccionamos con esmero.\u00a0 M\u00e1s productos<\/p>","protected":false},"author":1,"featured_media":0,"parent":0,"menu_order":0,"comment_status":"closed","ping_status":"closed","template":"","meta":{"_vp_format_video_url":"","_vp_image_focal_point":[]},"_links":{"self":[{"href":"https:\/\/dyc.com.ec\/en\/wp-json\/wp\/v2\/pages\/7"}],"collection":[{"href":"https:\/\/dyc.com.ec\/en\/wp-json\/wp\/v2\/pages"}],"about":[{"href":"https:\/\/dyc.com.ec\/en\/wp-json\/wp\/v2\/types\/page"}],"author":[{"embeddable":true,"href":"https:\/\/dyc.com.ec\/en\/wp-json\/wp\/v2\/users\/1"}],"replies":[{"embeddable":true,"href":"https:\/\/dyc.com.ec\/en\/wp-json\/wp\/v2\/comments?post=7"}],"version-history":[{"count":42,"href":"https:\/\/dyc.com.ec\/en\/wp-json\/wp\/v2\/pages\/7\/revisions"}],"predecessor-version":[{"id":818,"href":"https:\/\/dyc.com.ec\/en\/wp-json\/wp\/v2\/pages\/7\/revisions\/818"}],"wp:attachment":[{"href":"https:\/\/dyc.com.ec\/en\/wp-json\/wp\/v2\/media?parent=7"}],"curies":[{"name":"wp","href":"https:\/\/api.w.org\/{rel}","templated":true}]}}